{"id":4866,"date":"2020-10-26T16:29:14","date_gmt":"2020-10-26T15:29:14","guid":{"rendered":"https:\/\/www.powerline.fr\/?page_id=4866"},"modified":"2020-10-26T16:31:37","modified_gmt":"2020-10-26T15:31:37","slug":"catalogue","status":"publish","type":"page","link":"https:\/\/www.powerline.fr\/en\/catalogue\/","title":{"rendered":"Index Book"},"content":{"rendered":"<h1>Fishing Catalogue 2021<\/h1>\n<p style=\"text-align: center;\">Don\u2019t forget to take a look at our <strong>2021 fishing catalogue<\/strong> in which you\u2019ll be very pleased to find more than 100 pages full all of our Powerline, JigPower, Ryugi, Shout and Sesame products! Between braids, nylons, fluoro carbons, lead head jigs, tweezers, staples, 100% new French-made baits, jigs, blades, luggage, hooks, assists, and many other products \u2026 you\u2019ll lose your mind! Don\u2019t wait, download our catalogue now! &#8230;<\/p>\n<p>&nbsp;<\/p>\n<p style=\"text-align: center;\">\u00a0Link to download catalogue: \u00a0 <a href=\"https:\/\/fr.calameo.com\/read\/005775625333912976631\">https:\/\/fr.calameo.com\/read\/005775625333912976631<\/a><\/p>\n<p>&nbsp;<\/p>\n<p>&nbsp;<\/p>\n","protected":false},"excerpt":{"rendered":"<p>Fishing Catalogue 2021 Don\u2019t forget to take a look at our 2021 fishing catalogue in which you\u2019ll be very pleased to find more than 100 pages full all of our Powerline, JigPower, Ryugi, Shout and Sesame products! Between braids, nylons, fluoro carbons, lead head jigs, tweezers, staples, 100% new French-made baits, jigs, blades, luggage, hooks, [&hellip;]<\/p>\n","protected":false},"author":5,"featured_media":0,"parent":0,"menu_order":0,"comment_status":"closed","ping_status":"closed","template":"template-catalogue.php","meta":{"_acf_changed":false,"footnotes":""},"class_list":["post-4866","page","type-page","status-publish","hentry"],"acf":[],"yoast_head":"<!-- This site is optimized with the Yoast SEO plugin v27.5 - https:\/\/yoast.com\/product\/yoast-seo-wordpress\/ -->\n<title>Catalogue de P\u00eache 2018, Powerline, JigPower, Ryugi, Sasame<\/title>\n<meta name=\"description\" content=\"D\u00e9couvrez sans plus tarder notre catalogue 2018 dans lequel vous trouverez la totalit\u00e9 de notre gamme Powerline, JigPower, Ryugi, Shout et Sasame\" \/>\n<meta name=\"robots\" content=\"index, follow, max-snippet:-1, max-image-preview:large, max-video-preview:-1\" \/>\n<link rel=\"canonical\" href=\"https:\/\/www.powerline.fr\/en\/catalogue\/\" \/>\n<meta property=\"og:locale\" content=\"en_US\" \/>\n<meta property=\"og:type\" content=\"article\" \/>\n<meta property=\"og:title\" content=\"Catalogue de P\u00eache 2018, Powerline, JigPower, Ryugi, Sasame\" \/>\n<meta property=\"og:description\" content=\"D\u00e9couvrez sans plus tarder notre catalogue 2018 dans lequel vous trouverez la totalit\u00e9 de notre gamme Powerline, JigPower, Ryugi, Shout et Sasame\" \/>\n<meta property=\"og:url\" content=\"https:\/\/www.powerline.fr\/en\/catalogue\/\" \/>\n<meta property=\"og:site_name\" content=\"Powerline\" \/>\n<meta property=\"article:modified_time\" content=\"2020-10-26T15:31:37+00:00\" \/>\n<meta name=\"twitter:card\" content=\"summary_large_image\" \/>\n<script type=\"application\/ld+json\" class=\"yoast-schema-graph\">{\"@context\":\"https:\\\/\\\/schema.org\",\"@graph\":[{\"@type\":\"WebPage\",\"@id\":\"https:\\\/\\\/www.powerline.fr\\\/en\\\/catalogue\\\/\",\"url\":\"https:\\\/\\\/www.powerline.fr\\\/en\\\/catalogue\\\/\",\"name\":\"Catalogue de P\u00eache 2018, Powerline, JigPower, Ryugi, Sasame\",\"isPartOf\":{\"@id\":\"https:\\\/\\\/www.powerline.fr\\\/#website\"},\"datePublished\":\"2020-10-26T15:29:14+00:00\",\"dateModified\":\"2020-10-26T15:31:37+00:00\",\"description\":\"D\u00e9couvrez sans plus tarder notre catalogue 2018 dans lequel vous trouverez la totalit\u00e9 de notre gamme Powerline, JigPower, Ryugi, Shout et Sasame\",\"breadcrumb\":{\"@id\":\"https:\\\/\\\/www.powerline.fr\\\/en\\\/catalogue\\\/#breadcrumb\"},\"inLanguage\":\"en-US\",\"potentialAction\":[{\"@type\":\"ReadAction\",\"target\":[\"https:\\\/\\\/www.powerline.fr\\\/en\\\/catalogue\\\/\"]}]},{\"@type\":\"BreadcrumbList\",\"@id\":\"https:\\\/\\\/www.powerline.fr\\\/en\\\/catalogue\\\/#breadcrumb\",\"itemListElement\":[{\"@type\":\"ListItem\",\"position\":1,\"name\":\"Home\",\"item\":\"https:\\\/\\\/www.powerline.fr\\\/en\\\/\"},{\"@type\":\"ListItem\",\"position\":2,\"name\":\"Index Book\"}]},{\"@type\":\"WebSite\",\"@id\":\"https:\\\/\\\/www.powerline.fr\\\/#website\",\"url\":\"https:\\\/\\\/www.powerline.fr\\\/\",\"name\":\"Powerline\",\"description\":\"Fabricant et distributeur de mat\u00e9riel de p\u00eache\",\"potentialAction\":[{\"@type\":\"SearchAction\",\"target\":{\"@type\":\"EntryPoint\",\"urlTemplate\":\"https:\\\/\\\/www.powerline.fr\\\/?s={search_term_string}\"},\"query-input\":{\"@type\":\"PropertyValueSpecification\",\"valueRequired\":true,\"valueName\":\"search_term_string\"}}],\"inLanguage\":\"en-US\"}]}<\/script>\n<!-- \/ Yoast SEO plugin. -->","yoast_head_json":{"title":"Catalogue de P\u00eache 2018, Powerline, JigPower, Ryugi, Sasame","description":"D\u00e9couvrez sans plus tarder notre catalogue 2018 dans lequel vous trouverez la totalit\u00e9 de notre gamme Powerline, JigPower, Ryugi, Shout et Sasame","robots":{"index":"index","follow":"follow","max-snippet":"max-snippet:-1","max-image-preview":"max-image-preview:large","max-video-preview":"max-video-preview:-1"},"canonical":"https:\/\/www.powerline.fr\/en\/catalogue\/","og_locale":"en_US","og_type":"article","og_title":"Catalogue de P\u00eache 2018, Powerline, JigPower, Ryugi, Sasame","og_description":"D\u00e9couvrez sans plus tarder notre catalogue 2018 dans lequel vous trouverez la totalit\u00e9 de notre gamme Powerline, JigPower, Ryugi, Shout et Sasame","og_url":"https:\/\/www.powerline.fr\/en\/catalogue\/","og_site_name":"Powerline","article_modified_time":"2020-10-26T15:31:37+00:00","twitter_card":"summary_large_image","schema":{"@context":"https:\/\/schema.org","@graph":[{"@type":"WebPage","@id":"https:\/\/www.powerline.fr\/en\/catalogue\/","url":"https:\/\/www.powerline.fr\/en\/catalogue\/","name":"Catalogue de P\u00eache 2018, Powerline, JigPower, Ryugi, Sasame","isPartOf":{"@id":"https:\/\/www.powerline.fr\/#website"},"datePublished":"2020-10-26T15:29:14+00:00","dateModified":"2020-10-26T15:31:37+00:00","description":"D\u00e9couvrez sans plus tarder notre catalogue 2018 dans lequel vous trouverez la totalit\u00e9 de notre gamme Powerline, JigPower, Ryugi, Shout et Sasame","breadcrumb":{"@id":"https:\/\/www.powerline.fr\/en\/catalogue\/#breadcrumb"},"inLanguage":"en-US","potentialAction":[{"@type":"ReadAction","target":["https:\/\/www.powerline.fr\/en\/catalogue\/"]}]},{"@type":"BreadcrumbList","@id":"https:\/\/www.powerline.fr\/en\/catalogue\/#breadcrumb","itemListElement":[{"@type":"ListItem","position":1,"name":"Home","item":"https:\/\/www.powerline.fr\/en\/"},{"@type":"ListItem","position":2,"name":"Index Book"}]},{"@type":"WebSite","@id":"https:\/\/www.powerline.fr\/#website","url":"https:\/\/www.powerline.fr\/","name":"Powerline","description":"Fabricant et distributeur de mat\u00e9riel de p\u00eache","potentialAction":[{"@type":"SearchAction","target":{"@type":"EntryPoint","urlTemplate":"https:\/\/www.powerline.fr\/?s={search_term_string}"},"query-input":{"@type":"PropertyValueSpecification","valueRequired":true,"valueName":"search_term_string"}}],"inLanguage":"en-US"}]}},"_links":{"self":[{"href":"https:\/\/www.powerline.fr\/en\/wp-json\/wp\/v2\/pages\/4866","targetHints":{"allow":["GET"]}}],"collection":[{"href":"https:\/\/www.powerline.fr\/en\/wp-json\/wp\/v2\/pages"}],"about":[{"href":"https:\/\/www.powerline.fr\/en\/wp-json\/wp\/v2\/types\/page"}],"author":[{"embeddable":true,"href":"https:\/\/www.powerline.fr\/en\/wp-json\/wp\/v2\/users\/5"}],"replies":[{"embeddable":true,"href":"https:\/\/www.powerline.fr\/en\/wp-json\/wp\/v2\/comments?post=4866"}],"version-history":[{"count":4,"href":"https:\/\/www.powerline.fr\/en\/wp-json\/wp\/v2\/pages\/4866\/revisions"}],"predecessor-version":[{"id":4940,"href":"https:\/\/www.powerline.fr\/en\/wp-json\/wp\/v2\/pages\/4866\/revisions\/4940"}],"wp:attachment":[{"href":"https:\/\/www.powerline.fr\/en\/wp-json\/wp\/v2\/media?parent=4866"}],"curies":[{"name":"wp","href":"https:\/\/api.w.org\/{rel}","templated":true}]}}